{"id":25731,"date":"2022-06-01T12:12:35","date_gmt":"2022-06-01T12:12:35","guid":{"rendered":"https:\/\/petit-train-antibes.com\/the-circuit\/"},"modified":"2026-03-31T14:29:39","modified_gmt":"2026-03-31T14:29:39","slug":"tour","status":"publish","type":"page","link":"https:\/\/petit-train-antibes.com\/en\/tour\/","title":{"rendered":"Tour"},"content":{"rendered":"<div class=\"wpb-content-wrapper\"><p>[vc_row css=&#8221;.vc_custom_1653923804773{margin-bottom: 0px !important;}&#8221;][vc_column]<div class=\"clearboth\"><\/div><style>#thegem-divider-69d0522cd62ac {margin-top: 80px !important;}<\/style><div id=\"thegem-divider-69d0522cd62ac\" class=\"gem-divider  \" style=\"\" ><\/div>[\/vc_column][\/vc_row][vc_row gap=&#8221;35&#8243; equal_height=&#8221;yes&#8221; css=&#8221;.vc_custom_1654007247341{margin-bottom: 0px !important;}&#8221; el_class=&#8221;wide&#8221;][vc_column offset=&#8221;vc_col-lg-6 vc_col-md-12 vc_hidden-md vc_hidden-sm vc_col-xs-12 vc_hidden-xs&#8221;][vc_column_text css_animation=&#8221;bottom-to-top&#8221;]<\/p>\n<h1>Petit Train Tour<br \/>\n<span class=\"light\">of Antibes<br \/>\nJuan-les-Pins<\/span><\/h1>\n<p>[\/vc_column_text][vc_column_text css_animation=&#8221;bottom-to-top&#8221;]<span style=\"display: inline-block; max-width: 600px; margin: 0 auto;\">It is aboard the Petit Train d&#8217;Antibes Juan-les-Pins that you will discover old town Antibes, its pedestrian street, the Peynet museum, the town hall, the Proven\u00e7al market&#8230; You will pass through the ramparts to get to the edge of sea, with its exceptional panoramas of the old town between sea and mountains. To end the tour we will be passing through Juan-les-Pins, famous for its Jazz festivals and its animations.<\/span>[\/vc_column_text][vc_column_text css_animation=&#8221;bottom-to-top&#8221;]<\/p>\n<h3 style=\"display: inline-block; max-width: 600px; margin: 0 auto;\">From Antibes starting point (2 rue lacan):<\/h3>\n<p><span style=\"display: inline-block; max-width: 600px; margin: 0 auto;\">rue Lacan, rue George Clemenceau, rue Aubernon, ramp des Saleurs, promenade Amiral de Grasse, avenue du G\u00e9n\u00e9ral Maizi\u00e8re, boulevard Albert 1er, boulevard Mar\u00e9chal Leclerc, boulevard du cap, chemin des sables, avenue George Gallice, avenue Guy de Maupassant, boulevard Edward Baudouin.<\/span>[\/vc_column_text][vc_column_text css=&#8221;&#8221; css_animation=&#8221;bottom-to-top&#8221;]<\/p>\n<h3 style=\"display: inline-block; max-width: 600px; margin: 0 auto;\">From Juan-les-Pins starting point (2 bvd edouard baudoin):<\/h3>\n<p><span style=\"display: inline-block; max-width: 600px; margin: 0 auto;\">Boulevard Edouard Baudoin, avenue George Gallice, chemin des sables, boulevard du cap, boulevard Mar\u00e9chal Leclerc, avenue Barquier, avenue Mar\u00e9chal Reille, avenue du 24 avril, rue Lacan.<\/span>[\/vc_column_text]<div class=\"clearboth\"><\/div><style>#thegem-divider-69d0522cd6456 {margin-top: 30px !important;}<\/style><div id=\"thegem-divider-69d0522cd6456\" class=\"gem-divider  \" style=\"\" ><\/div><style type=\"text\/css\">.thegem-button-69d0522cd66911656.lazy-loading-before-start-animation .lazy-loading-item {opacity: 0;} body.thegem-effects-disabled .thegem-button-69d0522cd66911656.lazy-loading-before-start-animation .lazy-loading-item {opacity: 1;}<\/style><style type=\"text\/css\">.thegem-button-69d0522cd66911656 .gem-button svg {fill: #ffffff;}.thegem-button-69d0522cd66911656 .gem-button:hover svg {fill: #b2870f;}<\/style><div class=\"gem-button-container gem-button-position-center thegem-button-69d0522cd66911656 big-button    lazy-loading lazy-loading-before-start-animation\"  ><a title=\"Reservations\" class=\"gem-button gem-button-size-medium gem-button-style-flat gem-button-text-weight-normal lazy-loading-item\" data-ll-effect=\"drop-right-without-wrap\" style=\"border-radius: 0px;background-color: #b2870f;color: #ffffff;\" onmouseleave=\"this.style.backgroundColor='#b2870f';this.style.color='#ffffff';\" onmouseenter=\"this.style.backgroundColor='#ffffff';this.style.color='#b2870f';\" href=\"https:\/\/petit-train-antibes.com\/en\/reservations-2\/reservations-petit-train\/\" target=\"_self\">Reservation<\/a><\/div> [\/vc_column][vc_column width=&#8221;1\/2&#8243; offset=&#8221;vc_hidden-md vc_hidden-sm vc_hidden-xs&#8221; css=&#8221;.vc_custom_1654251407226{padding-top: 0px !important;background-position: center !important;background-repeat: no-repeat !important;background-size: cover !important;}&#8221;]<div class=\"centered-box gem-image-centered-box\" ><div class=\"gem-image gem-wrapbox gem-wrapbox-style-default gem-wrapbox-position-centered lazy-loading  thegem-custom-69d0522cd670f8356\"  style=\"\" ><div class=\"gem-wrapbox-inner  lazy-loading-item\"  data-ll-effect=\"move-up\"><a href=\"https:\/\/petit-train-antibes.com\/wp-content\/uploads\/2022\/06\/petit-train-antibes-circuit-plan-medium.webp\" class=\"fancybox\"><img class=\"gem-wrapbox-element img-responsive\" src=\"https:\/\/petit-train-antibes.com\/wp-content\/uploads\/2022\/06\/petit-train-antibes-circuit-plan-medium.webp\" alt=\"\"\/><\/a><\/div><\/div><\/div>[\/vc_column][\/vc_row][vc_row css=&#8221;.vc_custom_1654007279171{margin-bottom: 0px !important;}&#8221; el_class=&#8221;thin&#8221;][vc_column][vc_column_text css_animation=&#8221;bottom-to-top&#8221;]<\/p>\n<h1>Petit Train Tour<br \/>\n<span class=\"light\">of Antibes Juan-les-Pins<\/span><\/h1>\n<p>[\/vc_column_text][vc_column_text css_animation=&#8221;bottom-to-top&#8221;]<span style=\"display: inline-block; margin: 0 auto;\">It is aboard the Petit Train d&#8217;Antibes Juan-les-Pins that you will discover old town Antibes, its pedestrian street, the Peynet museum, the town hall, the Proven\u00e7al market&#8230; You will pass through the ramparts to get to the edge of sea, with its exceptional panoramas of the old town between sea and mountains. To end the tour we will be passing through Juan-les-Pins, famous for its Jazz festivals and its animations.<\/span>[\/vc_column_text][vc_column_text css_animation=&#8221;bottom-to-top&#8221;]<\/p>\n<h3 style=\"display: inline-block; margin: 0 auto;\">From Antibes starting point (2 rue Lacan) :<\/h3>\n<p><span style=\"display: inline-block; margin: 0 auto;\">rue Lacan, rue George Clemenceau, rue Aubernon, ramp des Saleurs, promenade Amiral de Grasse, avenue du G\u00e9n\u00e9ral Maizi\u00e8re, boulevard Albert 1er, boulevard Mar\u00e9chal Leclerc, boulevard du cap, chemin des sables, avenue George Gallice, avenue Guy de Maupassant, boulevard Edward Baudouin.<\/span>[\/vc_column_text][vc_column_text css=&#8221;&#8221; css_animation=&#8221;bottom-to-top&#8221;]<\/p>\n<h3 style=\"display: inline-block; margin: 0 auto;\">From Juan-les-Pins starting point (2 bvd Edouard Baudoin) :<\/h3>\n<p><span style=\"display: inline-block; margin: 0 auto;\">Boulevard Edouard Baudoin, avenue George Gallice, chemin des sables, boulevard du cap, boulevard Mar\u00e9chal Leclerc, avenue Barquier, avenue Mar\u00e9chal Reille, avenue du 24 avril, rue Lacan.<\/span>[\/vc_column_text]<div class=\"clearboth\"><\/div><style>#thegem-divider-69d0522cd6c2a {margin-top: 30px !important;}<\/style><div id=\"thegem-divider-69d0522cd6c2a\" class=\"gem-divider  \" style=\"\" ><\/div><style type=\"text\/css\">.thegem-button-69d0522cd6cd24723.lazy-loading-before-start-animation .lazy-loading-item {opacity: 0;} body.thegem-effects-disabled .thegem-button-69d0522cd6cd24723.lazy-loading-before-start-animation .lazy-loading-item {opacity: 1;}<\/style><style type=\"text\/css\">.thegem-button-69d0522cd6cd24723 .gem-button svg {fill: #ffffff;}.thegem-button-69d0522cd6cd24723 .gem-button:hover svg {fill: #b2870f;}<\/style><div class=\"gem-button-container gem-button-position-center thegem-button-69d0522cd6cd24723 big-button    lazy-loading lazy-loading-before-start-animation\"  ><a title=\"Reservations\" class=\"gem-button gem-button-size-medium gem-button-style-flat gem-button-text-weight-normal lazy-loading-item\" data-ll-effect=\"drop-right-without-wrap\" style=\"border-radius: 0px;background-color: #b2870f;color: #ffffff;\" onmouseleave=\"this.style.backgroundColor='#b2870f';this.style.color='#ffffff';\" onmouseenter=\"this.style.backgroundColor='#ffffff';this.style.color='#b2870f';\" href=\"https:\/\/petit-train-antibes.com\/en\/reservations-2\/reservations-petit-train\/\" target=\"_self\">Reservation<\/a><\/div> <div class=\"clearboth\"><\/div><style>#thegem-divider-69d0522cd6d30 {margin-top: 80px !important;}<\/style><div id=\"thegem-divider-69d0522cd6d30\" class=\"gem-divider  \" style=\"\" ><\/div>[vc_single_image image=&#8221;25704&#8243; img_size=&#8221;large&#8221; alignment=&#8221;center&#8221; onclick=&#8221;link_image&#8221; css=&#8221;.vc_custom_1654261616687{margin-bottom: 0px !important;}&#8221; el_class=&#8221;desktop thin-map&#8221;][vc_single_image image=&#8221;25704&#8243; img_size=&#8221;medium&#8221; alignment=&#8221;center&#8221; onclick=&#8221;link_image&#8221; css=&#8221;.vc_custom_1654261622256{margin-bottom: 0px !important;}&#8221; el_class=&#8221;mobile thin-map&#8221;][\/vc_column][\/vc_row][vc_row css=&#8221;.vc_custom_1653923800892{margin-bottom: 0px !important;}&#8221;][vc_column]<div class=\"clearboth\"><\/div><style>#thegem-divider-69d0522cd6d6a {margin-top: 80px !important;}<\/style><div id=\"thegem-divider-69d0522cd6d6a\" class=\"gem-divider  \" style=\"\" ><\/div>[\/vc_column][\/vc_row][vc_row][vc_column width=&#8221;1\/3&#8243;]<div class=\"lazy-loading\" data-ll-item-delay=\"0\"><div class=\"gem-textbox  lazy-loading-item\"  data-ll-effect=\"move-up\" ><div class=\"gem-textbox-inner\" style=\"border-top-right-radius: 50px;border-bottom-right-radius: 50px;border-bottom-left-radius: 50px;\"><div class=\"gem-textbox-content\" style=\"background-image: url(https:\/\/petit-train-antibes.com\/wp-content\/uploads\/2022\/06\/petit-train-antibes-home-vieilantibes-small.webp);background-repeat: no-repeat; background-size: cover;background-position: center center;padding-top: 100px;padding-bottom: 100px;\"><\/div><\/div><\/div><\/div>[\/vc_column][vc_column width=&#8221;1\/3&#8243;]<div class=\"lazy-loading\" data-ll-item-delay=\"0\"><div class=\"gem-textbox  lazy-loading-item\"  data-ll-effect=\"move-up\" ><div class=\"gem-textbox-inner\" style=\"border-top-left-radius: 50px;border-top-right-radius: 50px;border-bottom-right-radius: 50px;\"><div class=\"gem-textbox-content\" style=\"background-image: url(https:\/\/petit-train-antibes.com\/wp-content\/uploads\/2022\/06\/petit-train-antibes-home-remparts-small.webp);background-repeat: no-repeat; background-size: cover;background-position: center center;padding-top: 100px;padding-bottom: 100px;\"><\/div><\/div><\/div><\/div>[\/vc_column][vc_column width=&#8221;1\/3&#8243;]<div class=\"lazy-loading\" data-ll-item-delay=\"0\"><div class=\"gem-textbox  lazy-loading-item\"  data-ll-effect=\"move-up\" ><div class=\"gem-textbox-inner\" style=\"border-top-right-radius: 50px;border-bottom-right-radius: 50px;border-bottom-left-radius: 50px;\"><div class=\"gem-textbox-content\" style=\"background-image: url(https:\/\/petit-train-antibes.com\/wp-content\/uploads\/2022\/06\/petit-train-antibes-home-museepicasso-small.webp);background-repeat: no-repeat; background-size: cover;background-position: center top;padding-top: 100px;padding-bottom: 100px;\"><\/div><\/div><\/div><\/div>[\/vc_column][\/vc_row][vc_row css=&#8221;.vc_custom_1653923800892{margin-bottom: 0px !important;}&#8221;][vc_column width=&#8221;1\/3&#8243;]<div class=\"lazy-loading\" data-ll-item-delay=\"0\"><div class=\"gem-textbox  lazy-loading-item\"  data-ll-effect=\"move-up\" ><div class=\"gem-textbox-inner\" style=\"border-top-right-radius: 50px;border-bottom-right-radius: 50px;border-bottom-left-radius: 50px;\"><div class=\"gem-textbox-content\" style=\"background-image: url(https:\/\/petit-train-antibes.com\/wp-content\/uploads\/2022\/06\/petit-train-antibes-home-cathedrale-small.webp);background-repeat: no-repeat; background-size: cover;background-position: center center;padding-top: 100px;padding-bottom: 100px;\"><\/div><\/div><\/div><\/div>[\/vc_column][vc_column width=&#8221;1\/3&#8243;]<div class=\"lazy-loading\" data-ll-item-delay=\"0\"><div class=\"gem-textbox  lazy-loading-item\"  data-ll-effect=\"move-up\" ><div class=\"gem-textbox-inner\" style=\"border-top-left-radius: 50px;border-top-right-radius: 50px;border-bottom-right-radius: 50px;\"><div class=\"gem-textbox-content\" style=\"background-image: url(https:\/\/petit-train-antibes.com\/wp-content\/uploads\/2022\/06\/petit-train-antibes-home-palaiscongres-small.webp);background-repeat: no-repeat; background-size: cover;background-position: center center;padding-top: 100px;padding-bottom: 100px;\"><\/div><\/div><\/div><\/div>[\/vc_column][vc_column width=&#8221;1\/3&#8243;]<div class=\"lazy-loading\" data-ll-item-delay=\"0\"><div class=\"gem-textbox  lazy-loading-item\"  data-ll-effect=\"move-up\" ><div class=\"gem-textbox-inner\" style=\"border-top-right-radius: 50px;border-bottom-right-radius: 50px;border-bottom-left-radius: 50px;\"><div class=\"gem-textbox-content\" style=\"background-image: url(https:\/\/petit-train-antibes.com\/wp-content\/uploads\/2022\/06\/petit-train-antibes-home-pinede-resized.webp);background-repeat: no-repeat; background-size: cover;background-position: center center;padding-top: 100px;padding-bottom: 100px;\"><\/div><\/div><\/div><\/div>[\/vc_column][\/vc_row][vc_row css=&#8221;.vc_custom_1653923800892{margin-bottom: 0px !important;}&#8221;][vc_column]<div class=\"clearboth\"><\/div><style>#thegem-divider-69d0522cd751e {margin-top: 130px !important;}<\/style><div id=\"thegem-divider-69d0522cd751e\" class=\"gem-divider  \" style=\"\" ><\/div>[\/vc_column][\/vc_row][vc_row css=&#8221;.vc_custom_1459337282173{margin-bottom: 0px !important;}&#8221;][vc_column]<div class=\"clearboth\"><\/div><style>#thegem-divider-69d0522cd7558 {margin-top: -50px !important;}<\/style><div id=\"thegem-divider-69d0522cd7558\" class=\"gem-divider  \" style=\"\" ><\/div><div id=\"fullwidth-block-69d0522cd7aa6\" class=\"fullwidth-block clearfix\"  style=\"background-color: #f0f3f2;padding-top: 50px;\"><script type=\"text\/javascript\">if (typeof(gem_fix_fullwidth_position) == \"function\") { gem_fix_fullwidth_position(document.getElementById(\"fullwidth-block-69d0522cd7aa6\")); }<\/script><div class=\"fullwidth-top-marker marker-direction-inside\"><svg width=\"140\" height=\"70\"><path d=\"M 0,0 Q 65,5 70,70 Q 75,5 140,0\" \/><\/svg><\/div><div class=\"fullwidth-block-inner\"><div class=\"container\"><\/div><\/div><\/div>[\/vc_column][\/vc_row][vc_row full_width=&#8221;stretch_row&#8221; gap=&#8221;35&#8243; equal_height=&#8221;yes&#8221; content_placement=&#8221;middle&#8221; css=&#8221;.vc_custom_1654101090997{margin-bottom: 0px !important;background-color: #f0f3f2 !important;}&#8221; el_class=&#8221;neg-margin-section&#8221;][vc_column width=&#8221;1\/2&#8243; css=&#8221;.vc_custom_1654093053165{margin-bottom: 0px !important;padding-top: 0px !important;}&#8221;]<div class=\"clearboth\"><\/div><style>#thegem-divider-69d0522cd7af2 {margin-top: 80px !important;}<\/style><div id=\"thegem-divider-69d0522cd7af2\" class=\"gem-divider  mobile\" style=\"\" ><\/div>[vc_column_text css=&#8221;.vc_custom_1656162029383{margin-bottom: 0px !important;}&#8221; css_animation=&#8221;bottom-to-top&#8221;]<\/p>\n<p style=\"text-align: center;\"><span class=\"light\" style=\"font-size: 23px; line-height: 25px;\">TO COMPLETE YOUR VISIT,<br \/>\nDON&#8217;T FORGET ABOUT OUR<\/span><br \/>\n<span style=\"font-size: 30px; line-height: 32px; margin-top: 7px; color: #b2870f;\"><strong>COMBO OFFER<\/strong><\/span><\/p>\n<h4 style=\"text-align: center;\">PETIT TRAIN &amp; PANORAMIC BUS<\/h4>\n<p style=\"text-align: center;\"><span class=\"light\" style=\"font-size: 23px; line-height: 25px; margin-top: 15px;\">WITH TWO COMPLEMENTARY CIRCUITS<\/span><\/p>\n<p>[\/vc_column_text][\/vc_column][vc_column width=&#8221;1\/2&#8243; css=&#8221;.vc_custom_1654094233533{padding-top: 0px !important;padding-bottom: 0px !important;padding-left: 35px !important;}&#8221;]<div class=\"clearboth\"><\/div><style>#thegem-divider-69d0522cd7b47 {margin-top: 62px !important;}<\/style><div id=\"thegem-divider-69d0522cd7b47\" class=\"gem-divider  mobile\" style=\"\" ><\/div>[vc_row_inner css=&#8221;.vc_custom_1654094021357{padding-bottom: 10px !important;background-color: #ffffff !important;}&#8221;][vc_column_inner css=&#8221;.vc_custom_1654094222996{padding-top: 0px !important;padding-right: 0px !important;padding-left: 0px !important;}&#8221;][vc_single_image image=&#8221;25705&#8243; img_size=&#8221;large&#8221; alignment=&#8221;center&#8221; css=&#8221;.vc_custom_1654093689557{margin-bottom: 0px !important;}&#8221;]<style type=\"text\/css\">.thegem-button-69d0522cd7bed9146.lazy-loading-before-start-animation .lazy-loading-item {opacity: 0;} body.thegem-effects-disabled .thegem-button-69d0522cd7bed9146.lazy-loading-before-start-animation .lazy-loading-item {opacity: 1;}<\/style><style type=\"text\/css\">.thegem-button-69d0522cd7bed9146 .gem-button svg {fill: #ffffff;}.thegem-button-69d0522cd7bed9146 .gem-button:hover svg {fill: #b2870f;}<\/style><div class=\"gem-button-container gem-button-position-center thegem-button-69d0522cd7bed9146 big-button    lazy-loading lazy-loading-before-start-animation\"  ><a title=\"Reservations \u2013 Petit Train\/Bus (Combo)\" class=\"gem-button gem-button-size-medium gem-button-style-flat gem-button-text-weight-normal lazy-loading-item\" data-ll-effect=\"drop-right-without-wrap\" style=\"border-radius: 0px;background-color: #b2870f;color: #ffffff;\" onmouseleave=\"this.style.backgroundColor='#b2870f';this.style.color='#ffffff';\" onmouseenter=\"this.style.backgroundColor='#ffffff';this.style.color='#b2870f';\" href=\"https:\/\/petit-train-antibes.com\/en\/reservations-2\/reservations-peti-train-bus-combo\/\" target=\"_self\">Reservation<\/a><\/div> [\/vc_column_inner][\/vc_row_inner][\/vc_column][\/vc_row][vc_row full_width=&#8221;stretch_row&#8221; css=&#8221;.vc_custom_1654094088186{margin-bottom: 0px !important;background-color: #f0f3f2 !important;}&#8221;][vc_column css=&#8221;.vc_custom_1654094080529{padding-top: 0px !important;padding-bottom: 0px !important;}&#8221;]<div class=\"clearboth\"><\/div><style>#thegem-divider-69d0522cd7c48 {margin-top: 62px !important;}<\/style><div id=\"thegem-divider-69d0522cd7c48\" class=\"gem-divider  \" style=\"\" ><\/div>[\/vc_column][\/vc_row]<\/p>\n<\/div>","protected":false},"excerpt":{"rendered":"<p>[vc_row css=&#8221;.vc_custom_1653923804773{margin-bottom: 0px !important;}&#8221;][vc_column][\/vc_column][\/vc_row][vc_row gap=&#8221;35&#8243; equal_height=&#8221;yes&#8221; css=&#8221;.vc_custom_1654007247341{margin-bottom: 0px !important;}&#8221; el_class=&#8221;wide&#8221;][vc_column offset=&#8221;vc_col-lg-6 vc_col-md-12 vc_hidden-md vc_hidden-sm vc_col-xs-12 vc_hidden-xs&#8221;][vc_column_text css_animation=&#8221;bottom-to-top&#8221;] Petit Train Tour&#8230;<\/p>\n","protected":false},"author":1,"featured_media":0,"parent":0,"menu_order":0,"comment_status":"closed","ping_status":"closed","template":"","meta":{"footnotes":""},"class_list":["post-25731","page","type-page","status-publish"],"yoast_head":"<!-- This site is optimized with the Yoast SEO plugin v27.2 - https:\/\/yoast.com\/product\/yoast-seo-wordpress\/ -->\n<title>Tour - Petit train d&#039;Antibes<\/title>\n<meta name=\"robots\" content=\"index, follow, max-snippet:-1, max-image-preview:large, max-video-preview:-1\" \/>\n<link rel=\"canonical\" href=\"https:\/\/petit-train-antibes.com\/en\/tour\/\" \/>\n<meta property=\"og:locale\" content=\"en_US\" \/>\n<meta property=\"og:type\" content=\"article\" \/>\n<meta property=\"og:title\" content=\"Tour - Petit train d&#039;Antibes\" \/>\n<meta property=\"og:description\" content=\"[vc_row css=&#8221;.vc_custom_1653923804773{margin-bottom: 0px !important;}&#8221;][vc_column][\/vc_column][\/vc_row][vc_row gap=&#8221;35&#8243; equal_height=&#8221;yes&#8221; css=&#8221;.vc_custom_1654007247341{margin-bottom: 0px !important;}&#8221; el_class=&#8221;wide&#8221;][vc_column offset=&#8221;vc_col-lg-6 vc_col-md-12 vc_hidden-md vc_hidden-sm vc_col-xs-12 vc_hidden-xs&#8221;][vc_column_text css_animation=&#8221;bottom-to-top&#8221;] Petit Train Tour...\" \/>\n<meta property=\"og:url\" content=\"https:\/\/petit-train-antibes.com\/en\/tour\/\" \/>\n<meta property=\"og:site_name\" content=\"Petit train d&#039;Antibes\" \/>\n<meta property=\"article:modified_time\" content=\"2026-03-31T14:29:39+00:00\" \/>\n<meta name=\"twitter:card\" content=\"summary_large_image\" \/>\n<meta name=\"twitter:label1\" content=\"Est. reading time\" \/>\n\t<meta name=\"twitter:data1\" content=\"6 minutes\" \/>\n<script type=\"application\/ld+json\" class=\"yoast-schema-graph\">{\"@context\":\"https:\/\/schema.org\",\"@graph\":[{\"@type\":\"WebPage\",\"@id\":\"https:\/\/petit-train-antibes.com\/en\/tour\/\",\"url\":\"https:\/\/petit-train-antibes.com\/en\/tour\/\",\"name\":\"Tour - Petit train d&#039;Antibes\",\"isPartOf\":{\"@id\":\"https:\/\/petit-train-antibes.com\/#website\"},\"datePublished\":\"2022-06-01T12:12:35+00:00\",\"dateModified\":\"2026-03-31T14:29:39+00:00\",\"breadcrumb\":{\"@id\":\"https:\/\/petit-train-antibes.com\/en\/tour\/#breadcrumb\"},\"inLanguage\":\"en-US\",\"potentialAction\":[{\"@type\":\"ReadAction\",\"target\":[\"https:\/\/petit-train-antibes.com\/en\/tour\/\"]}]},{\"@type\":\"BreadcrumbList\",\"@id\":\"https:\/\/petit-train-antibes.com\/en\/tour\/#breadcrumb\",\"itemListElement\":[{\"@type\":\"ListItem\",\"position\":1,\"name\":\"Accueil\",\"item\":\"https:\/\/petit-train-antibes.com\/en\/\"},{\"@type\":\"ListItem\",\"position\":2,\"name\":\"Tour\"}]},{\"@type\":\"WebSite\",\"@id\":\"https:\/\/petit-train-antibes.com\/#website\",\"url\":\"https:\/\/petit-train-antibes.com\/\",\"name\":\"Petit train d&#039;Antibes\",\"description\":\"Visitez Antibes Juan-les-Pins autrement\",\"potentialAction\":[{\"@type\":\"SearchAction\",\"target\":{\"@type\":\"EntryPoint\",\"urlTemplate\":\"https:\/\/petit-train-antibes.com\/?s={search_term_string}\"},\"query-input\":{\"@type\":\"PropertyValueSpecification\",\"valueRequired\":true,\"valueName\":\"search_term_string\"}}],\"inLanguage\":\"en-US\"}]}<\/script>\n<!-- \/ Yoast SEO plugin. -->","yoast_head_json":{"title":"Tour - Petit train d&#039;Antibes","robots":{"index":"index","follow":"follow","max-snippet":"max-snippet:-1","max-image-preview":"max-image-preview:large","max-video-preview":"max-video-preview:-1"},"canonical":"https:\/\/petit-train-antibes.com\/en\/tour\/","og_locale":"en_US","og_type":"article","og_title":"Tour - Petit train d&#039;Antibes","og_description":"[vc_row css=&#8221;.vc_custom_1653923804773{margin-bottom: 0px !important;}&#8221;][vc_column][\/vc_column][\/vc_row][vc_row gap=&#8221;35&#8243; equal_height=&#8221;yes&#8221; css=&#8221;.vc_custom_1654007247341{margin-bottom: 0px !important;}&#8221; el_class=&#8221;wide&#8221;][vc_column offset=&#8221;vc_col-lg-6 vc_col-md-12 vc_hidden-md vc_hidden-sm vc_col-xs-12 vc_hidden-xs&#8221;][vc_column_text css_animation=&#8221;bottom-to-top&#8221;] Petit Train Tour...","og_url":"https:\/\/petit-train-antibes.com\/en\/tour\/","og_site_name":"Petit train d&#039;Antibes","article_modified_time":"2026-03-31T14:29:39+00:00","twitter_card":"summary_large_image","twitter_misc":{"Est. reading time":"6 minutes"},"schema":{"@context":"https:\/\/schema.org","@graph":[{"@type":"WebPage","@id":"https:\/\/petit-train-antibes.com\/en\/tour\/","url":"https:\/\/petit-train-antibes.com\/en\/tour\/","name":"Tour - Petit train d&#039;Antibes","isPartOf":{"@id":"https:\/\/petit-train-antibes.com\/#website"},"datePublished":"2022-06-01T12:12:35+00:00","dateModified":"2026-03-31T14:29:39+00:00","breadcrumb":{"@id":"https:\/\/petit-train-antibes.com\/en\/tour\/#breadcrumb"},"inLanguage":"en-US","potentialAction":[{"@type":"ReadAction","target":["https:\/\/petit-train-antibes.com\/en\/tour\/"]}]},{"@type":"BreadcrumbList","@id":"https:\/\/petit-train-antibes.com\/en\/tour\/#breadcrumb","itemListElement":[{"@type":"ListItem","position":1,"name":"Accueil","item":"https:\/\/petit-train-antibes.com\/en\/"},{"@type":"ListItem","position":2,"name":"Tour"}]},{"@type":"WebSite","@id":"https:\/\/petit-train-antibes.com\/#website","url":"https:\/\/petit-train-antibes.com\/","name":"Petit train d&#039;Antibes","description":"Visitez Antibes Juan-les-Pins autrement","potentialAction":[{"@type":"SearchAction","target":{"@type":"EntryPoint","urlTemplate":"https:\/\/petit-train-antibes.com\/?s={search_term_string}"},"query-input":{"@type":"PropertyValueSpecification","valueRequired":true,"valueName":"search_term_string"}}],"inLanguage":"en-US"}]}},"_links":{"self":[{"href":"https:\/\/petit-train-antibes.com\/en\/wp-json\/wp\/v2\/pages\/25731","targetHints":{"allow":["GET"]}}],"collection":[{"href":"https:\/\/petit-train-antibes.com\/en\/wp-json\/wp\/v2\/pages"}],"about":[{"href":"https:\/\/petit-train-antibes.com\/en\/wp-json\/wp\/v2\/types\/page"}],"author":[{"embeddable":true,"href":"https:\/\/petit-train-antibes.com\/en\/wp-json\/wp\/v2\/users\/1"}],"replies":[{"embeddable":true,"href":"https:\/\/petit-train-antibes.com\/en\/wp-json\/wp\/v2\/comments?post=25731"}],"version-history":[{"count":2,"href":"https:\/\/petit-train-antibes.com\/en\/wp-json\/wp\/v2\/pages\/25731\/revisions"}],"predecessor-version":[{"id":26135,"href":"https:\/\/petit-train-antibes.com\/en\/wp-json\/wp\/v2\/pages\/25731\/revisions\/26135"}],"wp:attachment":[{"href":"https:\/\/petit-train-antibes.com\/en\/wp-json\/wp\/v2\/media?parent=25731"}],"curies":[{"name":"wp","href":"https:\/\/api.w.org\/{rel}","templated":true}]}}